{"id":387,"date":"2026-02-09T09:49:40","date_gmt":"2026-02-09T08:49:40","guid":{"rendered":"https:\/\/marinemorel.com\/?page_id=387"},"modified":"2026-02-09T09:58:52","modified_gmt":"2026-02-09T08:58:52","slug":"stress-post-traumatique","status":"publish","type":"page","link":"https:\/\/marinemorel.com\/index.php\/stress-post-traumatique\/","title":{"rendered":"Stress-Post-Traumatique"},"content":{"rendered":"\n<p class=\"has-large-font-size\">Je re\u00e7ois en consultation des personnes qui peuvent \u00eatre encore affect\u00e9es nerveusement apr\u00e8s un ou des \u00e9v\u00e8nements v\u00e9cus comme traumatiques, peut importe leur nature.<\/p>\n\n\n\n<p class=\"has-large-font-size\"><\/p>\n\n\n\n<p class=\"has-large-font-size\">Je suis inform\u00e9e sur les effets physiologiques du traumatisme \u00e0 court, moyen ou long terme et sur les diff\u00e9rentes approches b\u00e9n\u00e9fiques pour les personnes qui les vivent.<\/p>\n\n\n\n<p class=\"has-large-font-size\">Il est possible d&rsquo;agir en consultation sur le syst\u00e8me nerveux d&rsquo;une mani\u00e8re adapt\u00e9e et tol\u00e9rable, ou bien de r\u00e9orienter vers une autre approche.<\/p>\n\n\n\n<p class=\"has-large-font-size\"> <a href=\"https:\/\/marinemorel.com\/index.php\/me-contacter-ou-prendre-rv\/\" data-type=\"page\" data-id=\"102\">RV et contacts<\/a><\/p>\n","protected":false},"excerpt":{"rendered":"<p>Je re\u00e7ois en consultation des personnes qui peuvent \u00eatre encore affect\u00e9es nerveusement apr\u00e8s un ou des \u00e9v\u00e8nements v\u00e9cus comme traumatiques, peut importe leur nature. Je suis inform\u00e9e sur les effets physiologiques du traumatisme \u00e0 court, moyen ou long terme et sur les diff\u00e9rentes approches b\u00e9n\u00e9fiques pour les personnes qui les vivent. Il est possible d&rsquo;agir [&hellip;]<\/p>\n","protected":false},"author":1,"featured_media":0,"parent":0,"menu_order":0,"comment_status":"closed","ping_status":"closed","template":"","meta":{"footnotes":""},"class_list":["post-387","page","type-page","status-publish","hentry"],"_links":{"self":[{"href":"https:\/\/marinemorel.com\/index.php\/wp-json\/wp\/v2\/pages\/387","targetHints":{"allow":["GET"]}}],"collection":[{"href":"https:\/\/marinemorel.com\/index.php\/wp-json\/wp\/v2\/pages"}],"about":[{"href":"https:\/\/marinemorel.com\/index.php\/wp-json\/wp\/v2\/types\/page"}],"author":[{"embeddable":true,"href":"https:\/\/marinemorel.com\/index.php\/wp-json\/wp\/v2\/users\/1"}],"replies":[{"embeddable":true,"href":"https:\/\/marinemorel.com\/index.php\/wp-json\/wp\/v2\/comments?post=387"}],"version-history":[{"count":5,"href":"https:\/\/marinemorel.com\/index.php\/wp-json\/wp\/v2\/pages\/387\/revisions"}],"predecessor-version":[{"id":406,"href":"https:\/\/marinemorel.com\/index.php\/wp-json\/wp\/v2\/pages\/387\/revisions\/406"}],"wp:attachment":[{"href":"https:\/\/marinemorel.com\/index.php\/wp-json\/wp\/v2\/media?parent=387"}],"curies":[{"name":"wp","href":"https:\/\/api.w.org\/{rel}","templated":true}]}}