{"id":385,"date":"2026-02-09T09:40:23","date_gmt":"2026-02-09T08:40:23","guid":{"rendered":"https:\/\/marinemorel.com\/?page_id=385"},"modified":"2026-02-09T09:58:04","modified_gmt":"2026-02-09T08:58:04","slug":"familles","status":"publish","type":"page","link":"https:\/\/marinemorel.com\/index.php\/familles\/","title":{"rendered":"Familles"},"content":{"rendered":"\n<p class=\"has-large-font-size\">A tout \u00e2ge, je re\u00e7ois les personnes avec des douleurs chroniques ou des troubles neuro-musculo-squelettiques en r\u00e9alisant un travail de fond sur les syst\u00e8mes articulaire, nerveux et proprioceptif.<\/p>\n\n\n\n<p class=\"has-large-font-size\"><a href=\"https:\/\/marinemorel.com\/index.php\/me-contacter-ou-prendre-rv\/\" data-type=\"page\" data-id=\"102\">RV et contacts<\/a><\/p>\n\n\n\n<p><\/p>\n","protected":false},"excerpt":{"rendered":"<p>A tout \u00e2ge, je re\u00e7ois les personnes avec des douleurs chroniques ou des troubles neuro-musculo-squelettiques en r\u00e9alisant un travail de fond sur les syst\u00e8mes articulaire, nerveux et proprioceptif. RV et contacts<\/p>\n","protected":false},"author":1,"featured_media":0,"parent":0,"menu_order":0,"comment_status":"closed","ping_status":"closed","template":"","meta":{"footnotes":""},"class_list":["post-385","page","type-page","status-publish","hentry"],"_links":{"self":[{"href":"https:\/\/marinemorel.com\/index.php\/wp-json\/wp\/v2\/pages\/385","targetHints":{"allow":["GET"]}}],"collection":[{"href":"https:\/\/marinemorel.com\/index.php\/wp-json\/wp\/v2\/pages"}],"about":[{"href":"https:\/\/marinemorel.com\/index.php\/wp-json\/wp\/v2\/types\/page"}],"author":[{"embeddable":true,"href":"https:\/\/marinemorel.com\/index.php\/wp-json\/wp\/v2\/users\/1"}],"replies":[{"embeddable":true,"href":"https:\/\/marinemorel.com\/index.php\/wp-json\/wp\/v2\/comments?post=385"}],"version-history":[{"count":6,"href":"https:\/\/marinemorel.com\/index.php\/wp-json\/wp\/v2\/pages\/385\/revisions"}],"predecessor-version":[{"id":404,"href":"https:\/\/marinemorel.com\/index.php\/wp-json\/wp\/v2\/pages\/385\/revisions\/404"}],"wp:attachment":[{"href":"https:\/\/marinemorel.com\/index.php\/wp-json\/wp\/v2\/media?parent=385"}],"curies":[{"name":"wp","href":"https:\/\/api.w.org\/{rel}","templated":true}]}}