{"id":383,"date":"2026-02-09T09:44:38","date_gmt":"2026-02-09T08:44:38","guid":{"rendered":"https:\/\/marinemorel.com\/?page_id=383"},"modified":"2026-02-09T09:58:24","modified_gmt":"2026-02-09T08:58:24","slug":"nourrissons","status":"publish","type":"page","link":"https:\/\/marinemorel.com\/index.php\/nourrissons\/","title":{"rendered":"Nourrissons"},"content":{"rendered":"\n<p class=\"has-large-font-size\">Je re\u00e7ois les nourrissons qui pr\u00e9sentent des difficult\u00e9s de succion, d\u00e9glutition, respiration, que ce soit en allaitement maternel ou au lait maternis\u00e9, ceux qui ont des difficult\u00e9s de digestion, sommeil, modifications de la morphologie cr\u00e2nienne, &#8230; et m\u00eame ceux qui vont tr\u00e8s bien juste pour faire un contr\u00f4le apr\u00e8s la naissance et pendant leur croissance.<\/p>\n\n\n\n<p class=\"has-large-font-size\">D\u00e8s les premiers jours, et tout au long des \u00e9tapes de leur d\u00e9veloppement, un suivi chiropratique est important pour accompagner leur croissance et leurs apprentissages. Leur colonne vert\u00e9brale grandira de la moiti\u00e9 de leur taille adulte en 2 ans, alors autant v\u00e9rifier comment elle bouge r\u00e9guli\u00e8rement.<\/p>\n\n\n\n<p class=\"has-large-font-size\"><a href=\"https:\/\/marinemorel.com\/index.php\/me-contacter-ou-prendre-rv\/\" data-type=\"page\" data-id=\"102\">RV et contacts<\/a><\/p>\n","protected":false},"excerpt":{"rendered":"<p>Je re\u00e7ois les nourrissons qui pr\u00e9sentent des difficult\u00e9s de succion, d\u00e9glutition, respiration, que ce soit en allaitement maternel ou au lait maternis\u00e9, ceux qui ont des difficult\u00e9s de digestion, sommeil, modifications de la morphologie cr\u00e2nienne, &#8230; et m\u00eame ceux qui vont tr\u00e8s bien juste pour faire un contr\u00f4le apr\u00e8s la naissance et pendant leur croissance. [&hellip;]<\/p>\n","protected":false},"author":1,"featured_media":0,"parent":0,"menu_order":0,"comment_status":"closed","ping_status":"closed","template":"","meta":{"footnotes":""},"class_list":["post-383","page","type-page","status-publish","hentry"],"_links":{"self":[{"href":"https:\/\/marinemorel.com\/index.php\/wp-json\/wp\/v2\/pages\/383","targetHints":{"allow":["GET"]}}],"collection":[{"href":"https:\/\/marinemorel.com\/index.php\/wp-json\/wp\/v2\/pages"}],"about":[{"href":"https:\/\/marinemorel.com\/index.php\/wp-json\/wp\/v2\/types\/page"}],"author":[{"embeddable":true,"href":"https:\/\/marinemorel.com\/index.php\/wp-json\/wp\/v2\/users\/1"}],"replies":[{"embeddable":true,"href":"https:\/\/marinemorel.com\/index.php\/wp-json\/wp\/v2\/comments?post=383"}],"version-history":[{"count":7,"href":"https:\/\/marinemorel.com\/index.php\/wp-json\/wp\/v2\/pages\/383\/revisions"}],"predecessor-version":[{"id":405,"href":"https:\/\/marinemorel.com\/index.php\/wp-json\/wp\/v2\/pages\/383\/revisions\/405"}],"wp:attachment":[{"href":"https:\/\/marinemorel.com\/index.php\/wp-json\/wp\/v2\/media?parent=383"}],"curies":[{"name":"wp","href":"https:\/\/api.w.org\/{rel}","templated":true}]}}