{"id":380,"date":"2026-01-26T10:54:38","date_gmt":"2026-01-26T09:54:38","guid":{"rendered":"https:\/\/marinemorel.com\/?page_id=380"},"modified":"2026-01-26T10:54:38","modified_gmt":"2026-01-26T09:54:38","slug":"accessibilite-en-lsf","status":"publish","type":"page","link":"https:\/\/marinemorel.com\/index.php\/accessibilite-en-lsf\/","title":{"rendered":"Accessibilit\u00e9 en LSF"},"content":{"rendered":"\n<p>J&rsquo;ai appris la Langue des Signes Fran\u00e7aise par p\u00e9riodes, du lyc\u00e9e \u00e0 2019, entre Rouen, Paris et Toulouse, dans diverses associations. Mon niveau B2 me permet de recevoir des personnes signantes en accessibilit\u00e9 directe. Ma pratique n&rsquo;est pas quotidienne mais suffisante pour consulter. <\/p>\n","protected":false},"excerpt":{"rendered":"<p>J&rsquo;ai appris la Langue des Signes Fran\u00e7aise par p\u00e9riodes, du lyc\u00e9e \u00e0 2019, entre Rouen, Paris et Toulouse, dans diverses associations. Mon niveau B2 me permet de recevoir des personnes signantes en accessibilit\u00e9 directe. Ma pratique n&rsquo;est pas quotidienne mais suffisante pour consulter.<\/p>\n","protected":false},"author":1,"featured_media":0,"parent":0,"menu_order":0,"comment_status":"closed","ping_status":"closed","template":"","meta":{"footnotes":""},"class_list":["post-380","page","type-page","status-publish","hentry"],"_links":{"self":[{"href":"https:\/\/marinemorel.com\/index.php\/wp-json\/wp\/v2\/pages\/380","targetHints":{"allow":["GET"]}}],"collection":[{"href":"https:\/\/marinemorel.com\/index.php\/wp-json\/wp\/v2\/pages"}],"about":[{"href":"https:\/\/marinemorel.com\/index.php\/wp-json\/wp\/v2\/types\/page"}],"author":[{"embeddable":true,"href":"https:\/\/marinemorel.com\/index.php\/wp-json\/wp\/v2\/users\/1"}],"replies":[{"embeddable":true,"href":"https:\/\/marinemorel.com\/index.php\/wp-json\/wp\/v2\/comments?post=380"}],"version-history":[{"count":1,"href":"https:\/\/marinemorel.com\/index.php\/wp-json\/wp\/v2\/pages\/380\/revisions"}],"predecessor-version":[{"id":381,"href":"https:\/\/marinemorel.com\/index.php\/wp-json\/wp\/v2\/pages\/380\/revisions\/381"}],"wp:attachment":[{"href":"https:\/\/marinemorel.com\/index.php\/wp-json\/wp\/v2\/media?parent=380"}],"curies":[{"name":"wp","href":"https:\/\/api.w.org\/{rel}","templated":true}]}}