{"id":374,"date":"2026-01-19T12:25:27","date_gmt":"2026-01-19T11:25:27","guid":{"rendered":"https:\/\/marinemorel.com\/?page_id=374"},"modified":"2026-02-09T09:57:36","modified_gmt":"2026-02-09T08:57:36","slug":"bebe-en-siege-et-technique-chiropratique-webster","status":"publish","type":"page","link":"https:\/\/marinemorel.com\/index.php\/bebe-en-siege-et-technique-chiropratique-webster\/","title":{"rendered":"B\u00e9b\u00e9 en si\u00e8ge et technique chiropratique WEBSTER"},"content":{"rendered":"\n<p class=\"has-large-font-size\">Il est possible de travailler de mani\u00e8re non-invasive sur la mobilit\u00e9 articulaire sacro-iliaque et les tensions des ligaments pelviens de la personne enceinte, pour am\u00e9liorer la mobilit\u00e9 de son bassin et \u00e9quilibrer les tensions sur l&rsquo;ut\u00e9rus, donc faciliter la mobilit\u00e9 du b\u00e9b\u00e9. C&rsquo;est la technique Chiropractique Webster. <\/p>\n\n\n\n<p class=\"has-large-font-size\">Cette technique a fait ses preuves et j&rsquo;en ai fait personnellement l&rsquo;exp\u00e9rience pendant ma grossesse de mani\u00e8re assez merveilleuse.<\/p>\n\n\n\n<p class=\"has-large-font-size\">Exept\u00e9s si la morphologie ut\u00e9rine de la personne enceinte pr\u00e9dispose le si\u00e8ge ou bien que l&rsquo;insertion, la position ou la taille du cordon du b\u00e9b\u00e9 l&#8217;emp\u00eachent de se positionner t\u00eate en bas pour d&rsquo;excellentes raisons m\u00e9caniques, il est tout \u00e0 fait possible que de v\u00e9rifier les mobilit\u00e9s articulaires et tensions ligamentaires de la personne enceinte soit suffisant pour que le b\u00e9b\u00e9 change sa position spontan\u00e9ment. <\/p>\n\n\n\n<p class=\"has-large-font-size\">Il s&rsquo;agit d&rsquo;une m\u00e9thode non-invasive, au m\u00eame titre que l&rsquo;acupuncture, qui peut ainsi \u00eatre envisag\u00e9e. <\/p>\n\n\n\n<p class=\"has-large-font-size\">Je suis all\u00e9e l&rsquo;\u00e9tudier en s\u00e9minaire au Canada en 2016, avec Jeanne Ohm, sp\u00e9cialiste de cette technique et membre de l&rsquo;ICPA. Je suis donc certifi\u00e9e Webster Technic bien-que je ne figure pas dans le registre des professionnels car je ne r\u00e8gle plus de cotisations \u00e0 l&rsquo;association. <\/p>\n\n\n\n<p class=\"has-large-font-size\">Si vous souhaitez en savoir plus, vous pouvez me <a href=\"https:\/\/marinemorel.com\/index.php\/me-contacter-ou-prendre-rv\/\" data-type=\"page\" data-id=\"102\">contacter<\/a>. <\/p>\n\n\n\n<p><\/p>\n","protected":false},"excerpt":{"rendered":"<p>Il est possible de travailler de mani\u00e8re non-invasive sur la mobilit\u00e9 articulaire sacro-iliaque et les tensions des ligaments pelviens de la personne enceinte, pour am\u00e9liorer la mobilit\u00e9 de son bassin et \u00e9quilibrer les tensions sur l&rsquo;ut\u00e9rus, donc faciliter la mobilit\u00e9 du b\u00e9b\u00e9. C&rsquo;est la technique Chiropractique Webster. Cette technique a fait ses preuves et j&rsquo;en [&hellip;]<\/p>\n","protected":false},"author":1,"featured_media":0,"parent":0,"menu_order":0,"comment_status":"closed","ping_status":"closed","template":"","meta":{"footnotes":""},"class_list":["post-374","page","type-page","status-publish","hentry"],"_links":{"self":[{"href":"https:\/\/marinemorel.com\/index.php\/wp-json\/wp\/v2\/pages\/374","targetHints":{"allow":["GET"]}}],"collection":[{"href":"https:\/\/marinemorel.com\/index.php\/wp-json\/wp\/v2\/pages"}],"about":[{"href":"https:\/\/marinemorel.com\/index.php\/wp-json\/wp\/v2\/types\/page"}],"author":[{"embeddable":true,"href":"https:\/\/marinemorel.com\/index.php\/wp-json\/wp\/v2\/users\/1"}],"replies":[{"embeddable":true,"href":"https:\/\/marinemorel.com\/index.php\/wp-json\/wp\/v2\/comments?post=374"}],"version-history":[{"count":3,"href":"https:\/\/marinemorel.com\/index.php\/wp-json\/wp\/v2\/pages\/374\/revisions"}],"predecessor-version":[{"id":403,"href":"https:\/\/marinemorel.com\/index.php\/wp-json\/wp\/v2\/pages\/374\/revisions\/403"}],"wp:attachment":[{"href":"https:\/\/marinemorel.com\/index.php\/wp-json\/wp\/v2\/media?parent=374"}],"curies":[{"name":"wp","href":"https:\/\/api.w.org\/{rel}","templated":true}]}}